{"id":7025,"date":"2026-04-08T11:32:15","date_gmt":"2026-04-08T09:32:15","guid":{"rendered":"https:\/\/369-int.com\/?page_id=7025"},"modified":"2026-04-09T10:06:07","modified_gmt":"2026-04-09T08:06:07","slug":"temoignages","status":"publish","type":"page","link":"https:\/\/369-int.com\/fr\/testimonials\/","title":{"rendered":"T\u00e9moignages"},"content":{"rendered":"<div data-elementor-type=\"wp-page\" data-elementor-id=\"7025\" class=\"elementor elementor-7025\" data-elementor-post-type=\"page\">\n\t\t\t\t\t\t<section class=\"elementor-section elementor-top-section elementor-element elementor-element-79768a6 elementor-section-boxed elementor-section-height-default elementor-section-height-default\" data-id=\"79768a6\" data-element_type=\"section\" data-e-type=\"section\" data-settings=\"{&quot;background_background&quot;:&quot;classic&quot;}\">\n\t\t\t\t\t\t\t<div class=\"elementor-background-overlay\"><\/div>\n\t\t\t\t\t\t\t<div class=\"elementor-container elementor-column-gap-default\">\n\t\t\t\t\t<div class=\"elementor-column elementor-col-100 elementor-top-column elementor-element elementor-element-622adb1 elementor-invisible\" data-id=\"622adb1\" data-element_type=\"column\" data-e-type=\"column\" data-settings=\"{&quot;animation&quot;:&quot;fadeInUp&quot;}\">\n\t\t\t<div class=\"elementor-widget-wrap elementor-element-populated\">\n\t\t\t\t\t\t<div class=\"elementor-element elementor-element-e695dff elementor-widget elementor-widget-heading\" data-id=\"e695dff\" data-element_type=\"widget\" data-e-type=\"widget\" data-widget_type=\"heading.default\">\n\t\t\t\t<div class=\"elementor-widget-container\">\n\t\t\t\t\t<h3 class=\"elementor-heading-title elementor-size-default\">Ce que disent nos clients<\/h3>\t\t\t\t<\/div>\n\t\t\t\t<\/div>\n\t\t\t\t<div class=\"elementor-element elementor-element-60fb55a elementor-widget elementor-widget-heading\" data-id=\"60fb55a\" data-element_type=\"widget\" data-e-type=\"widget\" data-widget_type=\"heading.default\">\n\t\t\t\t<div class=\"elementor-widget-container\">\n\t\t\t\t\t<h2 class=\"elementor-heading-title elementor-size-default\">T\u00e9moignages<\/h2>\t\t\t\t<\/div>\n\t\t\t\t<\/div>\n\t\t\t\t<div class=\"elementor-element elementor-element-88de8dd elementor-widget-divider--view-line elementor-widget elementor-widget-divider\" data-id=\"88de8dd\" data-element_type=\"widget\" data-e-type=\"widget\" data-settings=\"{&quot;_animation&quot;:&quot;none&quot;}\" data-widget_type=\"divider.default\">\n\t\t\t\t<div class=\"elementor-widget-container\">\n\t\t\t\t\t\t\t<div class=\"elementor-divider\">\n\t\t\t<span class=\"elementor-divider-separator\">\n\t\t\t\t\t\t<\/span>\n\t\t<\/div>\n\t\t\t\t\t\t<\/div>\n\t\t\t\t<\/div>\n\t\t\t\t\t<\/div>\n\t\t<\/div>\n\t\t\t\t\t<\/div>\n\t\t<\/section>\n\t\t<div class=\"elementor-element elementor-element-80fc536 e-flex e-con-boxed e-con e-parent\" data-id=\"80fc536\" data-element_type=\"container\" data-e-type=\"container\">\n\t\t\t\t\t<div class=\"e-con-inner\">\n\t\t\t\t<div class=\"elementor-element elementor-element-97274a7 elementor-invisible elementor-widget elementor-widget-testimonial\" data-id=\"97274a7\" data-element_type=\"widget\" data-e-type=\"widget\" data-settings=\"{&quot;_animation&quot;:&quot;fadeInUp&quot;}\" data-widget_type=\"testimonial.default\">\n\t\t\t\t<div class=\"elementor-widget-container\">\n\t\t\t\t\t\t\t<div class=\"elementor-testimonial-wrapper\">\n\t\t\t\t\t\t\t<div class=\"elementor-testimonial-content\">Les deux projets ont \u00e9t\u00e9 achev\u00e9s \u00e0 temps, les co\u00fbts indiqu\u00e9s ont \u00e9t\u00e9 respect\u00e9s, et la qualit\u00e9 de fabrication \u00e9tait fantastique. Je suis impressionn\u00e9 par la fa\u00e7on dont vous g\u00e9rez vos affaires.<\/div>\n\t\t\t\n\t\t\t\t\t\t<div class=\"elementor-testimonial-meta elementor-has-image elementor-testimonial-image-position-aside\">\n\t\t\t\t<div class=\"elementor-testimonial-meta-inner\">\n\t\t\t\t\t\t\t\t\t\t\t<div class=\"elementor-testimonial-image\">\n\t\t\t\t\t\t\t<img decoding=\"async\" width=\"200\" height=\"200\" src=\"https:\/\/369-int.com\/wp-content\/uploads\/2026\/03\/EPM-Logo.jpeg\" class=\"attachment-full size-full wp-image-5329\" alt=\"\" srcset=\"https:\/\/369-int.com\/wp-content\/uploads\/2026\/03\/EPM-Logo.jpeg 200w, https:\/\/369-int.com\/wp-content\/uploads\/2026\/03\/EPM-Logo-150x150.jpeg 150w\" sizes=\"(max-width: 200px) 100vw, 200px\" \/>\t\t\t\t\t\t<\/div>\n\t\t\t\t\t\n\t\t\t\t\t\t\t\t\t\t<div class=\"elementor-testimonial-details\">\n\t\t\t\t\t\t\t\t\t\t\t\t\t\t<div class=\"elementor-testimonial-name\">EPM International, \u00c9tats-Unis<\/div>\n\t\t\t\t\t\t\t\t\t\t\t\t\t\t\t\t\t\t\t\t\t\t<div class=\"elementor-testimonial-job\">Directeur de Projet Senior<\/div>\n\t\t\t\t\t\t\t\t\t\t\t\t\t<\/div>\n\t\t\t\t\t\t\t\t\t<\/div>\n\t\t\t<\/div>\n\t\t\t\t\t<\/div>\n\t\t\t\t\t\t<\/div>\n\t\t\t\t<\/div>\n\t\t\t\t<div class=\"elementor-element elementor-element-e04c874 elementor-invisible elementor-widget elementor-widget-testimonial\" data-id=\"e04c874\" data-element_type=\"widget\" data-e-type=\"widget\" data-settings=\"{&quot;_animation&quot;:&quot;fadeInUp&quot;}\" data-widget_type=\"testimonial.default\">\n\t\t\t\t<div class=\"elementor-widget-container\">\n\t\t\t\t\t\t\t<div class=\"elementor-testimonial-wrapper\">\n\t\t\t\t\t\t\t<div class=\"elementor-testimonial-content\">369 Designs adopte une approche de classe mondiale dans son travail. Leurs installations sont bien \u00e9quip\u00e9es, le personnel est bien g\u00e9r\u00e9 et les personnes cl\u00e9s sont toujours concentr\u00e9es sur le r\u00e9sultat final.<\/div>\n\t\t\t\n\t\t\t\t\t\t<div class=\"elementor-testimonial-meta elementor-has-image elementor-testimonial-image-position-aside\">\n\t\t\t\t<div class=\"elementor-testimonial-meta-inner\">\n\t\t\t\t\t\t\t\t\t\t\t<div class=\"elementor-testimonial-image\">\n\t\t\t\t\t\t\t<img decoding=\"async\" width=\"213\" height=\"164\" src=\"https:\/\/369-int.com\/wp-content\/uploads\/2026\/03\/Proj-X-Design-Logo.jpeg\" class=\"attachment-full size-full wp-image-5328\" alt=\"\" \/>\t\t\t\t\t\t<\/div>\n\t\t\t\t\t\n\t\t\t\t\t\t\t\t\t\t<div class=\"elementor-testimonial-details\">\n\t\t\t\t\t\t\t\t\t\t\t\t\t\t<div class=\"elementor-testimonial-name\">Ben Feltham<\/div>\n\t\t\t\t\t\t\t\t\t\t\t\t\t\t\t\t\t\t\t\t\t\t<div class=\"elementor-testimonial-job\">Directeur, Proj-X Design, Australie<\/div>\n\t\t\t\t\t\t\t\t\t\t\t\t\t<\/div>\n\t\t\t\t\t\t\t\t\t<\/div>\n\t\t\t<\/div>\n\t\t\t\t\t<\/div>\n\t\t\t\t\t\t<\/div>\n\t\t\t\t<\/div>\n\t\t\t\t<div class=\"elementor-element elementor-element-2987460 elementor-invisible elementor-widget elementor-widget-testimonial\" data-id=\"2987460\" data-element_type=\"widget\" data-e-type=\"widget\" data-settings=\"{&quot;_animation&quot;:&quot;fadeInUp&quot;}\" data-widget_type=\"testimonial.default\">\n\t\t\t\t<div class=\"elementor-widget-container\">\n\t\t\t\t\t\t\t<div class=\"elementor-testimonial-wrapper\">\n\t\t\t\t\t\t\t<div class=\"elementor-testimonial-content\">Le niveau d'engagement et le souci du d\u00e9tail dont fait preuve l'\u00e9quipe 369 sont in\u00e9gal\u00e9s. L'un des stands les plus spectaculaires du salon \u2014 parfaitement ex\u00e9cut\u00e9, \u00e0 temps.<\/div>\n\t\t\t\n\t\t\t\t\t\t<div class=\"elementor-testimonial-meta elementor-has-image elementor-testimonial-image-position-aside\">\n\t\t\t\t<div class=\"elementor-testimonial-meta-inner\">\n\t\t\t\t\t\t\t\t\t\t\t<div class=\"elementor-testimonial-image\">\n\t\t\t\t\t\t\t<img fetchpriority=\"high\" decoding=\"async\" width=\"300\" height=\"200\" src=\"https:\/\/369-int.com\/wp-content\/uploads\/2026\/03\/Orange-Media-Logo.png\" class=\"attachment-full size-full wp-image-5327\" alt=\"\" \/>\t\t\t\t\t\t<\/div>\n\t\t\t\t\t\n\t\t\t\t\t\t\t\t\t\t<div class=\"elementor-testimonial-details\">\n\t\t\t\t\t\t\t\t\t\t\t\t\t\t<div class=\"elementor-testimonial-name\">Zouhair Zaki<\/div>\n\t\t\t\t\t\t\t\t\t\t\t\t\t\t\t\t\t\t\t\t\t\t<div class=\"elementor-testimonial-job\">Orange Media, Arabie Saoudite<\/div>\n\t\t\t\t\t\t\t\t\t\t\t\t\t<\/div>\n\t\t\t\t\t\t\t\t\t<\/div>\n\t\t\t<\/div>\n\t\t\t\t\t<\/div>\n\t\t\t\t\t\t<\/div>\n\t\t\t\t<\/div>\n\t\t\t\t\t<\/div>\n\t\t\t\t<\/div>\n\t\t<div class=\"elementor-element elementor-element-d73a572 e-flex e-con-boxed e-con e-parent\" data-id=\"d73a572\" data-element_type=\"container\" data-e-type=\"container\">\n\t\t\t\t\t<div class=\"e-con-inner\">\n\t\t\t\t<div class=\"elementor-element elementor-element-96d94ef elementor-invisible elementor-widget elementor-widget-testimonial\" data-id=\"96d94ef\" data-element_type=\"widget\" data-e-type=\"widget\" data-settings=\"{&quot;_animation&quot;:&quot;fadeInUp&quot;}\" data-widget_type=\"testimonial.default\">\n\t\t\t\t<div class=\"elementor-widget-container\">\n\t\t\t\t\t\t\t<div class=\"elementor-testimonial-wrapper\">\n\t\t\t\t\t\t\t<div class=\"elementor-testimonial-content\">Du d\u00e9but \u00e0 la fin, ils ont rendu le processus facile. Leur attitude positive, leurs pr\u00e9parations approfondies et leur communication fluide ont \u00e9vit\u00e9 les surprises habituelles sur le chantier.<\/div>\n\t\t\t\n\t\t\t\t\t\t<div class=\"elementor-testimonial-meta elementor-has-image elementor-testimonial-image-position-aside\">\n\t\t\t\t<div class=\"elementor-testimonial-meta-inner\">\n\t\t\t\t\t\t\t\t\t\t\t<div class=\"elementor-testimonial-image\">\n\t\t\t\t\t\t\t<img loading=\"lazy\" decoding=\"async\" width=\"1000\" height=\"999\" src=\"https:\/\/369-int.com\/wp-content\/uploads\/2026\/03\/Formation-Live-Logo.jpg\" class=\"attachment-full size-full wp-image-5326\" alt=\"\" srcset=\"https:\/\/369-int.com\/wp-content\/uploads\/2026\/03\/Formation-Live-Logo.jpg 1000w, https:\/\/369-int.com\/wp-content\/uploads\/2026\/03\/Formation-Live-Logo-300x300.jpg 300w, https:\/\/369-int.com\/wp-content\/uploads\/2026\/03\/Formation-Live-Logo-150x150.jpg 150w, https:\/\/369-int.com\/wp-content\/uploads\/2026\/03\/Formation-Live-Logo-768x767.jpg 768w\" sizes=\"(max-width: 1000px) 100vw, 1000px\" \/>\t\t\t\t\t\t<\/div>\n\t\t\t\t\t\n\t\t\t\t\t\t\t\t\t\t<div class=\"elementor-testimonial-details\">\n\t\t\t\t\t\t\t\t\t\t\t\t\t\t<div class=\"elementor-testimonial-name\">Matthew Spillings<\/div>\n\t\t\t\t\t\t\t\t\t\t\t\t\t\t\t\t\t\t\t\t\t\t<div class=\"elementor-testimonial-job\">Directeur de la Propri\u00e9t\u00e9\/des Op\u00e9rations, Formationlive, Royaume-Uni<\/div>\n\t\t\t\t\t\t\t\t\t\t\t\t\t<\/div>\n\t\t\t\t\t\t\t\t\t<\/div>\n\t\t\t<\/div>\n\t\t\t\t\t<\/div>\n\t\t\t\t\t\t<\/div>\n\t\t\t\t<\/div>\n\t\t\t\t<div class=\"elementor-element elementor-element-82a1ea7 elementor-invisible elementor-widget elementor-widget-testimonial\" data-id=\"82a1ea7\" data-element_type=\"widget\" data-e-type=\"widget\" data-settings=\"{&quot;_animation&quot;:&quot;fadeInUp&quot;}\" data-widget_type=\"testimonial.default\">\n\t\t\t\t<div class=\"elementor-widget-container\">\n\t\t\t\t\t\t\t<div class=\"elementor-testimonial-wrapper\">\n\t\t\t\t\t\t\t<div class=\"elementor-testimonial-content\">Depuis plus de 15 ans, 369 n'a jamais manqu\u00e9 \u00e0 ses engagements. C'est la premi\u00e8re entreprise que nous appelons lorsque nous avons besoin d'un partenaire fiable \u2013 et ils ne nous ont jamais d\u00e9\u00e7us.<\/div>\n\t\t\t\n\t\t\t\t\t\t<div class=\"elementor-testimonial-meta elementor-has-image elementor-testimonial-image-position-aside\">\n\t\t\t\t<div class=\"elementor-testimonial-meta-inner\">\n\t\t\t\t\t\t\t\t\t\t\t<div class=\"elementor-testimonial-image\">\n\t\t\t\t\t\t\t<img loading=\"lazy\" decoding=\"async\" width=\"2048\" height=\"2048\" src=\"https:\/\/369-int.com\/wp-content\/uploads\/2026\/03\/Expo-Solutions-Logo.jpg\" class=\"attachment-full size-full wp-image-5325\" alt=\"\" srcset=\"https:\/\/369-int.com\/wp-content\/uploads\/2026\/03\/Expo-Solutions-Logo.jpg 2048w, https:\/\/369-int.com\/wp-content\/uploads\/2026\/03\/Expo-Solutions-Logo-300x300.jpg 300w, https:\/\/369-int.com\/wp-content\/uploads\/2026\/03\/Expo-Solutions-Logo-1024x1024.jpg 1024w, https:\/\/369-int.com\/wp-content\/uploads\/2026\/03\/Expo-Solutions-Logo-150x150.jpg 150w, https:\/\/369-int.com\/wp-content\/uploads\/2026\/03\/Expo-Solutions-Logo-768x768.jpg 768w, https:\/\/369-int.com\/wp-content\/uploads\/2026\/03\/Expo-Solutions-Logo-1536x1536.jpg 1536w\" sizes=\"(max-width: 2048px) 100vw, 2048px\" \/>\t\t\t\t\t\t<\/div>\n\t\t\t\t\t\n\t\t\t\t\t\t\t\t\t\t<div class=\"elementor-testimonial-details\">\n\t\t\t\t\t\t\t\t\t\t\t\t\t\t<div class=\"elementor-testimonial-name\">Vinnie Orchard<\/div>\n\t\t\t\t\t\t\t\t\t\t\t\t\t\t\t\t\t\t\t\t\t\t<div class=\"elementor-testimonial-job\">Expo Solutions, Afrique du Sud<\/div>\n\t\t\t\t\t\t\t\t\t\t\t\t\t<\/div>\n\t\t\t\t\t\t\t\t\t<\/div>\n\t\t\t<\/div>\n\t\t\t\t\t<\/div>\n\t\t\t\t\t\t<\/div>\n\t\t\t\t<\/div>\n\t\t\t\t<div class=\"elementor-element elementor-element-4feccd2 elementor-invisible elementor-widget elementor-widget-testimonial\" data-id=\"4feccd2\" data-element_type=\"widget\" data-e-type=\"widget\" data-settings=\"{&quot;_animation&quot;:&quot;fadeInUp&quot;}\" data-widget_type=\"testimonial.default\">\n\t\t\t\t<div class=\"elementor-widget-container\">\n\t\t\t\t\t\t\t<div class=\"elementor-testimonial-wrapper\">\n\t\t\t\t\t\t\t<div class=\"elementor-testimonial-content\">369 a livr\u00e9 notre projet d'exposition de mani\u00e8re professionnelle, dans les d\u00e9lais et dans le respect du budget. Leur communication, leur organisation et leur cr\u00e9ativit\u00e9 ont \u00e9t\u00e9 excellentes tout au long du processus.<\/div>\n\t\t\t\n\t\t\t\t\t\t<div class=\"elementor-testimonial-meta elementor-has-image elementor-testimonial-image-position-aside\">\n\t\t\t\t<div class=\"elementor-testimonial-meta-inner\">\n\t\t\t\t\t\t\t\t\t\t\t<div class=\"elementor-testimonial-image\">\n\t\t\t\t\t\t\t<img loading=\"lazy\" decoding=\"async\" width=\"2084\" height=\"2084\" src=\"https:\/\/369-int.com\/wp-content\/uploads\/2026\/04\/apliman_logo.png\" class=\"attachment-full size-full wp-image-7038\" alt=\"\" srcset=\"https:\/\/369-int.com\/wp-content\/uploads\/2026\/04\/apliman_logo.png 2084w, https:\/\/369-int.com\/wp-content\/uploads\/2026\/04\/apliman_logo-300x300.png 300w, https:\/\/369-int.com\/wp-content\/uploads\/2026\/04\/apliman_logo-1024x1024.png 1024w, https:\/\/369-int.com\/wp-content\/uploads\/2026\/04\/apliman_logo-150x150.png 150w, https:\/\/369-int.com\/wp-content\/uploads\/2026\/04\/apliman_logo-768x768.png 768w, https:\/\/369-int.com\/wp-content\/uploads\/2026\/04\/apliman_logo-1536x1536.png 1536w, https:\/\/369-int.com\/wp-content\/uploads\/2026\/04\/apliman_logo-2048x2048.png 2048w, https:\/\/369-int.com\/wp-content\/uploads\/2026\/04\/apliman_logo-12x12.png 12w\" sizes=\"(max-width: 2084px) 100vw, 2084px\" \/>\t\t\t\t\t\t<\/div>\n\t\t\t\t\t\n\t\t\t\t\t\t\t\t\t\t<div class=\"elementor-testimonial-details\">\n\t\t\t\t\t\t\t\t\t\t\t\t\t\t<div class=\"elementor-testimonial-name\">Farah Rajeh<\/div>\n\t\t\t\t\t\t\t\t\t\t\t\t\t\t\t\t\t\t\t\t\t\t<div class=\"elementor-testimonial-job\">Responsable marketing, Apliman Technologies, Liban<\/div>\n\t\t\t\t\t\t\t\t\t\t\t\t\t<\/div>\n\t\t\t\t\t\t\t\t\t<\/div>\n\t\t\t<\/div>\n\t\t\t\t\t<\/div>\n\t\t\t\t\t\t<\/div>\n\t\t\t\t<\/div>\n\t\t\t\t\t<\/div>\n\t\t\t\t<\/div>\n\t\t<div class=\"elementor-element elementor-element-1195e92 e-flex e-con-boxed e-con e-parent\" data-id=\"1195e92\" data-element_type=\"container\" data-e-type=\"container\">\n\t\t\t\t\t<div class=\"e-con-inner\">\n\t\t\t\t<div class=\"elementor-element elementor-element-c751a88 elementor-invisible elementor-widget elementor-widget-testimonial\" data-id=\"c751a88\" data-element_type=\"widget\" data-e-type=\"widget\" data-settings=\"{&quot;_animation&quot;:&quot;fadeInUp&quot;}\" data-widget_type=\"testimonial.default\">\n\t\t\t\t<div class=\"elementor-widget-container\">\n\t\t\t\t\t\t\t<div class=\"elementor-testimonial-wrapper\">\n\t\t\t\t\t\t\t<div class=\"elementor-testimonial-content\">La r\u00e9activit\u00e9, le souci du d\u00e9tail et le d\u00e9vouement de 369 au projet ont \u00e9t\u00e9 exceptionnels, m\u00eame lors d\u2019un processus de mont\u00e9e en puissance difficile. 369 serait un partenaire privil\u00e9gi\u00e9 pour de futurs projets sud-africains.<\/div>\n\t\t\t\n\t\t\t\t\t\t<div class=\"elementor-testimonial-meta elementor-has-image elementor-testimonial-image-position-aside\">\n\t\t\t\t<div class=\"elementor-testimonial-meta-inner\">\n\t\t\t\t\t\t\t\t\t\t\t<div class=\"elementor-testimonial-image\">\n\t\t\t\t\t\t\t<img loading=\"lazy\" decoding=\"async\" width=\"205\" height=\"148\" src=\"https:\/\/369-int.com\/wp-content\/uploads\/2026\/04\/cityneon-logo.png\" class=\"attachment-full size-full wp-image-7039\" alt=\"\" srcset=\"https:\/\/369-int.com\/wp-content\/uploads\/2026\/04\/cityneon-logo.png 205w, https:\/\/369-int.com\/wp-content\/uploads\/2026\/04\/cityneon-logo-18x12.png 18w\" sizes=\"(max-width: 205px) 100vw, 205px\" \/>\t\t\t\t\t\t<\/div>\n\t\t\t\t\t\n\t\t\t\t\t\t\t\t\t\t<div class=\"elementor-testimonial-details\">\n\t\t\t\t\t\t\t\t\t\t\t\t\t\t<div class=\"elementor-testimonial-name\">Lionel Lim<\/div>\n\t\t\t\t\t\t\t\t\t\t\t\t\t\t\t\t\t\t\t\t\t\t<div class=\"elementor-testimonial-job\">Directeur des Op\u00e9rations, Cityneon Events<\/div>\n\t\t\t\t\t\t\t\t\t\t\t\t\t<\/div>\n\t\t\t\t\t\t\t\t\t<\/div>\n\t\t\t<\/div>\n\t\t\t\t\t<\/div>\n\t\t\t\t\t\t<\/div>\n\t\t\t\t<\/div>\n\t\t\t\t<div class=\"elementor-element elementor-element-2429751 elementor-invisible elementor-widget elementor-widget-testimonial\" data-id=\"2429751\" data-element_type=\"widget\" data-e-type=\"widget\" data-settings=\"{&quot;_animation&quot;:&quot;fadeInUp&quot;}\" data-widget_type=\"testimonial.default\">\n\t\t\t\t<div class=\"elementor-widget-container\">\n\t\t\t\t\t\t\t<div class=\"elementor-testimonial-wrapper\">\n\t\t\t\t\t\t\t<div class=\"elementor-testimonial-content\">369 a livr\u00e9 notre stand d'exposition \u00e0 temps, avec un tr\u00e8s haut niveau de qualit\u00e9, une excellente attention aux d\u00e9tails et une ex\u00e9cution professionnelle. Nous ferions \u00e0 nouveau appel \u00e0 eux en toute confiance pour de futures constructions d'expositions.<\/div>\n\t\t\t\n\t\t\t\t\t\t<div class=\"elementor-testimonial-meta elementor-has-image elementor-testimonial-image-position-aside\">\n\t\t\t\t<div class=\"elementor-testimonial-meta-inner\">\n\t\t\t\t\t\t\t\t\t\t\t<div class=\"elementor-testimonial-image\">\n\t\t\t\t\t\t\t<img loading=\"lazy\" decoding=\"async\" width=\"300\" height=\"300\" src=\"https:\/\/369-int.com\/wp-content\/uploads\/2026\/04\/logo_excellent_expo_300.png\" class=\"attachment-full size-full wp-image-7160\" alt=\"\" srcset=\"https:\/\/369-int.com\/wp-content\/uploads\/2026\/04\/logo_excellent_expo_300.png 300w, https:\/\/369-int.com\/wp-content\/uploads\/2026\/04\/logo_excellent_expo_300-150x150.png 150w, https:\/\/369-int.com\/wp-content\/uploads\/2026\/04\/logo_excellent_expo_300-12x12.png 12w\" sizes=\"(max-width: 300px) 100vw, 300px\" \/>\t\t\t\t\t\t<\/div>\n\t\t\t\t\t\n\t\t\t\t\t\t\t\t\t\t<div class=\"elementor-testimonial-details\">\n\t\t\t\t\t\t\t\t\t\t\t\t\t\t<div class=\"elementor-testimonial-name\">Jakub D<\/div>\n\t\t\t\t\t\t\t\t\t\t\t\t\t\t\t\t\t\t\t\t\t\t<div class=\"elementor-testimonial-job\">Excellent-Expo Sp. z o.o.<\/div>\n\t\t\t\t\t\t\t\t\t\t\t\t\t<\/div>\n\t\t\t\t\t\t\t\t\t<\/div>\n\t\t\t<\/div>\n\t\t\t\t\t<\/div>\n\t\t\t\t\t\t<\/div>\n\t\t\t\t<\/div>\n\t\t\t\t<div class=\"elementor-element elementor-element-8464823 elementor-invisible elementor-widget elementor-widget-testimonial\" data-id=\"8464823\" data-element_type=\"widget\" data-e-type=\"widget\" data-settings=\"{&quot;_animation&quot;:&quot;fadeInUp&quot;}\" data-widget_type=\"testimonial.default\">\n\t\t\t\t<div class=\"elementor-widget-container\">\n\t\t\t\t\t\t\t<div class=\"elementor-testimonial-wrapper\">\n\t\t\t\t\t\t\t<div class=\"elementor-testimonial-content\">369 a toujours livr\u00e9 avec professionnalisme, cr\u00e9ativit\u00e9 et souci du d\u00e9tail, tout en respectant des d\u00e9lais serr\u00e9s sans compromettre la qualit\u00e9. Leurs stands d'exposition refl\u00e8tent bien notre marque et nous les recommandons vivement.<\/div>\n\t\t\t\n\t\t\t\t\t\t<div class=\"elementor-testimonial-meta elementor-has-image elementor-testimonial-image-position-aside\">\n\t\t\t\t<div class=\"elementor-testimonial-meta-inner\">\n\t\t\t\t\t\t\t\t\t\t\t<div class=\"elementor-testimonial-image\">\n\t\t\t\t\t\t\t<img loading=\"lazy\" decoding=\"async\" width=\"900\" height=\"900\" src=\"https:\/\/369-int.com\/wp-content\/uploads\/2026\/04\/heat-and-control.jpg\" class=\"attachment-full size-full wp-image-7166\" alt=\"\" srcset=\"https:\/\/369-int.com\/wp-content\/uploads\/2026\/04\/heat-and-control.jpg 900w, https:\/\/369-int.com\/wp-content\/uploads\/2026\/04\/heat-and-control-300x300.jpg 300w, https:\/\/369-int.com\/wp-content\/uploads\/2026\/04\/heat-and-control-150x150.jpg 150w, https:\/\/369-int.com\/wp-content\/uploads\/2026\/04\/heat-and-control-768x768.jpg 768w, https:\/\/369-int.com\/wp-content\/uploads\/2026\/04\/heat-and-control-12x12.jpg 12w\" sizes=\"(max-width: 900px) 100vw, 900px\" \/>\t\t\t\t\t\t<\/div>\n\t\t\t\t\t\n\t\t\t\t\t\t\t\t\t\t<div class=\"elementor-testimonial-details\">\n\t\t\t\t\t\t\t\t\t\t\t\t\t\t<div class=\"elementor-testimonial-name\">Heat and Control SA (Pty) Ltd<\/div>\n\t\t\t\t\t\t\t\t\t\t\t\t\t\t\t\t\t\t\t\t\t\t<div class=\"elementor-testimonial-job\">Heat and Control SA (Pty) Ltd<\/div>\n\t\t\t\t\t\t\t\t\t\t\t\t\t<\/div>\n\t\t\t\t\t\t\t\t\t<\/div>\n\t\t\t<\/div>\n\t\t\t\t\t<\/div>\n\t\t\t\t\t\t<\/div>\n\t\t\t\t<\/div>\n\t\t\t\t\t<\/div>\n\t\t\t\t<\/div>\n\t\t\t\t<\/div>","protected":false},"excerpt":{"rendered":"<p>What our clients have to say Testimonials Both projects were completed on time, costs quoted were honoured, and the quality of craftmanship was fantastic. I am impressed with the way [&hellip;]<\/p>\n","protected":false},"author":6,"featured_media":0,"parent":0,"menu_order":0,"comment_status":"closed","ping_status":"closed","template":"","meta":{"_acf_changed":false,"site-sidebar-layout":"no-sidebar","site-content-layout":"page-builder","ast-site-content-layout":"full-width-container","site-content-style":"default","site-sidebar-style":"default","ast-global-header-display":"","ast-banner-title-visibility":"","ast-main-header-display":"","ast-hfb-above-header-display":"","ast-hfb-below-header-display":"","ast-hfb-mobile-header-display":"","site-post-title":"disabled","ast-breadcrumbs-content":"","ast-featured-img":"disabled","footer-sml-layout":"","ast-disable-related-posts":"","theme-transparent-header-meta":"","adv-header-id-meta":"","stick-header-meta":"","header-above-stick-meta":"","header-main-stick-meta":"","header-below-stick-meta":"","astra-migrate-meta-layouts":"set","ast-page-background-enabled":"default","ast-page-background-meta":{"desktop":{"background-color":"var(--ast-global-color-4)","background-image":"","background-repeat":"repeat","background-position":"center center","background-size":"auto","background-attachment":"scroll","background-type":"","background-media":"","overlay-type":"","overlay-color":"","overlay-opacity":"","overlay-gradient":""},"tablet":{"background-color":"","background-image":"","background-repeat":"repeat","background-position":"center center","background-size":"auto","background-attachment":"scroll","background-type":"","background-media":"","overlay-type":"","overlay-color":"","overlay-opacity":"","overlay-gradient":""},"mobile":{"background-color":"","background-image":"","background-repeat":"repeat","background-position":"center center","background-size":"auto","background-attachment":"scroll","background-type":"","background-media":"","overlay-type":"","overlay-color":"","overlay-opacity":"","overlay-gradient":""}},"ast-content-background-meta":{"desktop":{"background-color":"var(--ast-global-color-5)","background-image":"","background-repeat":"repeat","background-position":"center center","background-size":"auto","background-attachment":"scroll","background-type":"","background-media":"","overlay-type":"","overlay-color":"","overlay-opacity":"","overlay-gradient":""},"tablet":{"background-color":"var(--ast-global-color-5)","background-image":"","background-repeat":"repeat","background-position":"center center","background-size":"auto","background-attachment":"scroll","background-type":"","background-media":"","overlay-type":"","overlay-color":"","overlay-opacity":"","overlay-gradient":""},"mobile":{"background-color":"var(--ast-global-color-5)","background-image":"","background-repeat":"repeat","background-position":"center center","background-size":"auto","background-attachment":"scroll","background-type":"","background-media":"","overlay-type":"","overlay-color":"","overlay-opacity":"","overlay-gradient":""}},"footnotes":""},"class_list":["post-7025","page","type-page","status-publish","hentry"],"acf":[],"_links":{"self":[{"href":"https:\/\/369-int.com\/fr\/wp-json\/wp\/v2\/pages\/7025","targetHints":{"allow":["GET"]}}],"collection":[{"href":"https:\/\/369-int.com\/fr\/wp-json\/wp\/v2\/pages"}],"about":[{"href":"https:\/\/369-int.com\/fr\/wp-json\/wp\/v2\/types\/page"}],"author":[{"embeddable":true,"href":"https:\/\/369-int.com\/fr\/wp-json\/wp\/v2\/users\/6"}],"replies":[{"embeddable":true,"href":"https:\/\/369-int.com\/fr\/wp-json\/wp\/v2\/comments?post=7025"}],"version-history":[{"count":28,"href":"https:\/\/369-int.com\/fr\/wp-json\/wp\/v2\/pages\/7025\/revisions"}],"predecessor-version":[{"id":7175,"href":"https:\/\/369-int.com\/fr\/wp-json\/wp\/v2\/pages\/7025\/revisions\/7175"}],"wp:attachment":[{"href":"https:\/\/369-int.com\/fr\/wp-json\/wp\/v2\/media?parent=7025"}],"curies":[{"name":"wp","href":"https:\/\/api.w.org\/{rel}","templated":true}]}}