{"id":7025,"date":"2026-04-08T11:32:15","date_gmt":"2026-04-08T09:32:15","guid":{"rendered":"https:\/\/369-int.com\/?page_id=7025"},"modified":"2026-04-09T10:06:07","modified_gmt":"2026-04-09T08:06:07","slug":"referenzen","status":"publish","type":"page","link":"https:\/\/369-int.com\/de\/testimonials\/","title":{"rendered":"Referenzen"},"content":{"rendered":"<div data-elementor-type=\"wp-page\" data-elementor-id=\"7025\" class=\"elementor elementor-7025\" data-elementor-post-type=\"page\">\n\t\t\t\t\t\t<section class=\"elementor-section elementor-top-section elementor-element elementor-element-79768a6 elementor-section-boxed elementor-section-height-default elementor-section-height-default\" data-id=\"79768a6\" data-element_type=\"section\" data-e-type=\"section\" data-settings=\"{&quot;background_background&quot;:&quot;classic&quot;}\">\n\t\t\t\t\t\t\t<div class=\"elementor-background-overlay\"><\/div>\n\t\t\t\t\t\t\t<div class=\"elementor-container elementor-column-gap-default\">\n\t\t\t\t\t<div class=\"elementor-column elementor-col-100 elementor-top-column elementor-element elementor-element-622adb1 elementor-invisible\" data-id=\"622adb1\" data-element_type=\"column\" data-e-type=\"column\" data-settings=\"{&quot;animation&quot;:&quot;fadeInUp&quot;}\">\n\t\t\t<div class=\"elementor-widget-wrap elementor-element-populated\">\n\t\t\t\t\t\t<div class=\"elementor-element elementor-element-e695dff elementor-widget elementor-widget-heading\" data-id=\"e695dff\" data-element_type=\"widget\" data-e-type=\"widget\" data-widget_type=\"heading.default\">\n\t\t\t\t<div class=\"elementor-widget-container\">\n\t\t\t\t\t<h3 class=\"elementor-heading-title elementor-size-default\">Was unsere Kunden sagen<\/h3>\t\t\t\t<\/div>\n\t\t\t\t<\/div>\n\t\t\t\t<div class=\"elementor-element elementor-element-60fb55a elementor-widget elementor-widget-heading\" data-id=\"60fb55a\" data-element_type=\"widget\" data-e-type=\"widget\" data-widget_type=\"heading.default\">\n\t\t\t\t<div class=\"elementor-widget-container\">\n\t\t\t\t\t<h2 class=\"elementor-heading-title elementor-size-default\">Referenzen<\/h2>\t\t\t\t<\/div>\n\t\t\t\t<\/div>\n\t\t\t\t<div class=\"elementor-element elementor-element-88de8dd elementor-widget-divider--view-line elementor-widget elementor-widget-divider\" data-id=\"88de8dd\" data-element_type=\"widget\" data-e-type=\"widget\" data-settings=\"{&quot;_animation&quot;:&quot;none&quot;}\" data-widget_type=\"divider.default\">\n\t\t\t\t<div class=\"elementor-widget-container\">\n\t\t\t\t\t\t\t<div class=\"elementor-divider\">\n\t\t\t<span class=\"elementor-divider-separator\">\n\t\t\t\t\t\t<\/span>\n\t\t<\/div>\n\t\t\t\t\t\t<\/div>\n\t\t\t\t<\/div>\n\t\t\t\t\t<\/div>\n\t\t<\/div>\n\t\t\t\t\t<\/div>\n\t\t<\/section>\n\t\t<div class=\"elementor-element elementor-element-80fc536 e-flex e-con-boxed e-con e-parent\" data-id=\"80fc536\" data-element_type=\"container\" data-e-type=\"container\">\n\t\t\t\t\t<div class=\"e-con-inner\">\n\t\t\t\t<div class=\"elementor-element elementor-element-97274a7 elementor-invisible elementor-widget elementor-widget-testimonial\" data-id=\"97274a7\" data-element_type=\"widget\" data-e-type=\"widget\" data-settings=\"{&quot;_animation&quot;:&quot;fadeInUp&quot;}\" data-widget_type=\"testimonial.default\">\n\t\t\t\t<div class=\"elementor-widget-container\">\n\t\t\t\t\t\t\t<div class=\"elementor-testimonial-wrapper\">\n\t\t\t\t\t\t\t<div class=\"elementor-testimonial-content\">Beide Projekte wurden p\u00fcnktlich fertiggestellt, die angegebenen Kosten wurden eingehalten, und die Qualit\u00e4t der handwerklichen Arbeit war fantastisch. Ich bin beeindruckt von der Art und Weise, wie Sie Ihr Gesch\u00e4ft betreiben.<\/div>\n\t\t\t\n\t\t\t\t\t\t<div class=\"elementor-testimonial-meta elementor-has-image elementor-testimonial-image-position-aside\">\n\t\t\t\t<div class=\"elementor-testimonial-meta-inner\">\n\t\t\t\t\t\t\t\t\t\t\t<div class=\"elementor-testimonial-image\">\n\t\t\t\t\t\t\t<img decoding=\"async\" width=\"200\" height=\"200\" src=\"https:\/\/369-int.com\/wp-content\/uploads\/2026\/03\/EPM-Logo.jpeg\" class=\"attachment-full size-full wp-image-5329\" alt=\"\" srcset=\"https:\/\/369-int.com\/wp-content\/uploads\/2026\/03\/EPM-Logo.jpeg 200w, https:\/\/369-int.com\/wp-content\/uploads\/2026\/03\/EPM-Logo-150x150.jpeg 150w\" sizes=\"(max-width: 200px) 100vw, 200px\" \/>\t\t\t\t\t\t<\/div>\n\t\t\t\t\t\n\t\t\t\t\t\t\t\t\t\t<div class=\"elementor-testimonial-details\">\n\t\t\t\t\t\t\t\t\t\t\t\t\t\t<div class=\"elementor-testimonial-name\">EPM International, USA<\/div>\n\t\t\t\t\t\t\t\t\t\t\t\t\t\t\t\t\t\t\t\t\t\t<div class=\"elementor-testimonial-job\">Leitender Projektdirektor<\/div>\n\t\t\t\t\t\t\t\t\t\t\t\t\t<\/div>\n\t\t\t\t\t\t\t\t\t<\/div>\n\t\t\t<\/div>\n\t\t\t\t\t<\/div>\n\t\t\t\t\t\t<\/div>\n\t\t\t\t<\/div>\n\t\t\t\t<div class=\"elementor-element elementor-element-e04c874 elementor-invisible elementor-widget elementor-widget-testimonial\" data-id=\"e04c874\" data-element_type=\"widget\" data-e-type=\"widget\" data-settings=\"{&quot;_animation&quot;:&quot;fadeInUp&quot;}\" data-widget_type=\"testimonial.default\">\n\t\t\t\t<div class=\"elementor-widget-container\">\n\t\t\t\t\t\t\t<div class=\"elementor-testimonial-wrapper\">\n\t\t\t\t\t\t\t<div class=\"elementor-testimonial-content\">369 Designs hat einen erstklassigen Ansatz f\u00fcr seine Arbeit. Die Einrichtungen sind gut ausgestattet, die Mitarbeiter gut gef\u00fchrt, und die Mitarbeiter in Schl\u00fcsselpositionen sind stets auf das Endergebnis konzentriert.<\/div>\n\t\t\t\n\t\t\t\t\t\t<div class=\"elementor-testimonial-meta elementor-has-image elementor-testimonial-image-position-aside\">\n\t\t\t\t<div class=\"elementor-testimonial-meta-inner\">\n\t\t\t\t\t\t\t\t\t\t\t<div class=\"elementor-testimonial-image\">\n\t\t\t\t\t\t\t<img decoding=\"async\" width=\"213\" height=\"164\" src=\"https:\/\/369-int.com\/wp-content\/uploads\/2026\/03\/Proj-X-Design-Logo.jpeg\" class=\"attachment-full size-full wp-image-5328\" alt=\"\" \/>\t\t\t\t\t\t<\/div>\n\t\t\t\t\t\n\t\t\t\t\t\t\t\t\t\t<div class=\"elementor-testimonial-details\">\n\t\t\t\t\t\t\t\t\t\t\t\t\t\t<div class=\"elementor-testimonial-name\">Ben Feltham<\/div>\n\t\t\t\t\t\t\t\t\t\t\t\t\t\t\t\t\t\t\t\t\t\t<div class=\"elementor-testimonial-job\">Direktor, Proj-X Design, Australien<\/div>\n\t\t\t\t\t\t\t\t\t\t\t\t\t<\/div>\n\t\t\t\t\t\t\t\t\t<\/div>\n\t\t\t<\/div>\n\t\t\t\t\t<\/div>\n\t\t\t\t\t\t<\/div>\n\t\t\t\t<\/div>\n\t\t\t\t<div class=\"elementor-element elementor-element-2987460 elementor-invisible elementor-widget elementor-widget-testimonial\" data-id=\"2987460\" data-element_type=\"widget\" data-e-type=\"widget\" data-settings=\"{&quot;_animation&quot;:&quot;fadeInUp&quot;}\" data-widget_type=\"testimonial.default\">\n\t\t\t\t<div class=\"elementor-widget-container\">\n\t\t\t\t\t\t\t<div class=\"elementor-testimonial-wrapper\">\n\t\t\t\t\t\t\t<div class=\"elementor-testimonial-content\">Das Engagement und die Liebe zum Detail, die das 369-Team an den Tag legt, sind un\u00fcbertroffen. Einer der auff\u00e4lligsten St\u00e4nde auf der Messe - perfekt ausgef\u00fchrt, p\u00fcnktlich.<\/div>\n\t\t\t\n\t\t\t\t\t\t<div class=\"elementor-testimonial-meta elementor-has-image elementor-testimonial-image-position-aside\">\n\t\t\t\t<div class=\"elementor-testimonial-meta-inner\">\n\t\t\t\t\t\t\t\t\t\t\t<div class=\"elementor-testimonial-image\">\n\t\t\t\t\t\t\t<img fetchpriority=\"high\" decoding=\"async\" width=\"300\" height=\"200\" src=\"https:\/\/369-int.com\/wp-content\/uploads\/2026\/03\/Orange-Media-Logo.png\" class=\"attachment-full size-full wp-image-5327\" alt=\"\" \/>\t\t\t\t\t\t<\/div>\n\t\t\t\t\t\n\t\t\t\t\t\t\t\t\t\t<div class=\"elementor-testimonial-details\">\n\t\t\t\t\t\t\t\t\t\t\t\t\t\t<div class=\"elementor-testimonial-name\">Zouhair Zaki<\/div>\n\t\t\t\t\t\t\t\t\t\t\t\t\t\t\t\t\t\t\t\t\t\t<div class=\"elementor-testimonial-job\">Orange Media, Saudi-Arabien<\/div>\n\t\t\t\t\t\t\t\t\t\t\t\t\t<\/div>\n\t\t\t\t\t\t\t\t\t<\/div>\n\t\t\t<\/div>\n\t\t\t\t\t<\/div>\n\t\t\t\t\t\t<\/div>\n\t\t\t\t<\/div>\n\t\t\t\t\t<\/div>\n\t\t\t\t<\/div>\n\t\t<div class=\"elementor-element elementor-element-d73a572 e-flex e-con-boxed e-con e-parent\" data-id=\"d73a572\" data-element_type=\"container\" data-e-type=\"container\">\n\t\t\t\t\t<div class=\"e-con-inner\">\n\t\t\t\t<div class=\"elementor-element elementor-element-96d94ef elementor-invisible elementor-widget elementor-widget-testimonial\" data-id=\"96d94ef\" data-element_type=\"widget\" data-e-type=\"widget\" data-settings=\"{&quot;_animation&quot;:&quot;fadeInUp&quot;}\" data-widget_type=\"testimonial.default\">\n\t\t\t\t<div class=\"elementor-widget-container\">\n\t\t\t\t\t\t\t<div class=\"elementor-testimonial-wrapper\">\n\t\t\t\t\t\t\t<div class=\"elementor-testimonial-content\">Von Anfang bis Ende machten sie den Prozess einfach. Ihre Einstellung, die gr\u00fcndliche Vorbereitung und die fl\u00fcssige Kommunikation verhinderten die \u00fcblichen \u00dcberraschungen vor Ort.<\/div>\n\t\t\t\n\t\t\t\t\t\t<div class=\"elementor-testimonial-meta elementor-has-image elementor-testimonial-image-position-aside\">\n\t\t\t\t<div class=\"elementor-testimonial-meta-inner\">\n\t\t\t\t\t\t\t\t\t\t\t<div class=\"elementor-testimonial-image\">\n\t\t\t\t\t\t\t<img loading=\"lazy\" decoding=\"async\" width=\"1000\" height=\"999\" src=\"https:\/\/369-int.com\/wp-content\/uploads\/2026\/03\/Formation-Live-Logo.jpg\" class=\"attachment-full size-full wp-image-5326\" alt=\"\" srcset=\"https:\/\/369-int.com\/wp-content\/uploads\/2026\/03\/Formation-Live-Logo.jpg 1000w, https:\/\/369-int.com\/wp-content\/uploads\/2026\/03\/Formation-Live-Logo-300x300.jpg 300w, https:\/\/369-int.com\/wp-content\/uploads\/2026\/03\/Formation-Live-Logo-150x150.jpg 150w, https:\/\/369-int.com\/wp-content\/uploads\/2026\/03\/Formation-Live-Logo-768x767.jpg 768w\" sizes=\"(max-width: 1000px) 100vw, 1000px\" \/>\t\t\t\t\t\t<\/div>\n\t\t\t\t\t\n\t\t\t\t\t\t\t\t\t\t<div class=\"elementor-testimonial-details\">\n\t\t\t\t\t\t\t\t\t\t\t\t\t\t<div class=\"elementor-testimonial-name\">Matthew Spillings<\/div>\n\t\t\t\t\t\t\t\t\t\t\t\t\t\t\t\t\t\t\t\t\t\t<div class=\"elementor-testimonial-job\">Eigent\u00fcmer\/Betriebsleiter, Formationlive, UK<\/div>\n\t\t\t\t\t\t\t\t\t\t\t\t\t<\/div>\n\t\t\t\t\t\t\t\t\t<\/div>\n\t\t\t<\/div>\n\t\t\t\t\t<\/div>\n\t\t\t\t\t\t<\/div>\n\t\t\t\t<\/div>\n\t\t\t\t<div class=\"elementor-element elementor-element-82a1ea7 elementor-invisible elementor-widget elementor-widget-testimonial\" data-id=\"82a1ea7\" data-element_type=\"widget\" data-e-type=\"widget\" data-settings=\"{&quot;_animation&quot;:&quot;fadeInUp&quot;}\" data-widget_type=\"testimonial.default\">\n\t\t\t\t<div class=\"elementor-widget-container\">\n\t\t\t\t\t\t\t<div class=\"elementor-testimonial-wrapper\">\n\t\t\t\t\t\t\t<div class=\"elementor-testimonial-content\">In mehr als 15 Jahren hat 369 nie versagt, zu liefern. Sie sind das erste Unternehmen, das wir anrufen, wenn wir einen zuverl\u00e4ssigen Partner brauchen - und sie haben uns noch nie im Stich gelassen.<\/div>\n\t\t\t\n\t\t\t\t\t\t<div class=\"elementor-testimonial-meta elementor-has-image elementor-testimonial-image-position-aside\">\n\t\t\t\t<div class=\"elementor-testimonial-meta-inner\">\n\t\t\t\t\t\t\t\t\t\t\t<div class=\"elementor-testimonial-image\">\n\t\t\t\t\t\t\t<img loading=\"lazy\" decoding=\"async\" width=\"2048\" height=\"2048\" src=\"https:\/\/369-int.com\/wp-content\/uploads\/2026\/03\/Expo-Solutions-Logo.jpg\" class=\"attachment-full size-full wp-image-5325\" alt=\"\" srcset=\"https:\/\/369-int.com\/wp-content\/uploads\/2026\/03\/Expo-Solutions-Logo.jpg 2048w, https:\/\/369-int.com\/wp-content\/uploads\/2026\/03\/Expo-Solutions-Logo-300x300.jpg 300w, https:\/\/369-int.com\/wp-content\/uploads\/2026\/03\/Expo-Solutions-Logo-1024x1024.jpg 1024w, https:\/\/369-int.com\/wp-content\/uploads\/2026\/03\/Expo-Solutions-Logo-150x150.jpg 150w, https:\/\/369-int.com\/wp-content\/uploads\/2026\/03\/Expo-Solutions-Logo-768x768.jpg 768w, https:\/\/369-int.com\/wp-content\/uploads\/2026\/03\/Expo-Solutions-Logo-1536x1536.jpg 1536w\" sizes=\"(max-width: 2048px) 100vw, 2048px\" \/>\t\t\t\t\t\t<\/div>\n\t\t\t\t\t\n\t\t\t\t\t\t\t\t\t\t<div class=\"elementor-testimonial-details\">\n\t\t\t\t\t\t\t\t\t\t\t\t\t\t<div class=\"elementor-testimonial-name\">Vinnie Obstgarten<\/div>\n\t\t\t\t\t\t\t\t\t\t\t\t\t\t\t\t\t\t\t\t\t\t<div class=\"elementor-testimonial-job\">Expo Solutions, S\u00fcdafrika<\/div>\n\t\t\t\t\t\t\t\t\t\t\t\t\t<\/div>\n\t\t\t\t\t\t\t\t\t<\/div>\n\t\t\t<\/div>\n\t\t\t\t\t<\/div>\n\t\t\t\t\t\t<\/div>\n\t\t\t\t<\/div>\n\t\t\t\t<div class=\"elementor-element elementor-element-4feccd2 elementor-invisible elementor-widget elementor-widget-testimonial\" data-id=\"4feccd2\" data-element_type=\"widget\" data-e-type=\"widget\" data-settings=\"{&quot;_animation&quot;:&quot;fadeInUp&quot;}\" data-widget_type=\"testimonial.default\">\n\t\t\t\t<div class=\"elementor-widget-container\">\n\t\t\t\t\t\t\t<div class=\"elementor-testimonial-wrapper\">\n\t\t\t\t\t\t\t<div class=\"elementor-testimonial-content\">369 hat unser Ausstellungsprojekt professionell, p\u00fcnktlich und im Budget abgeliefert. Ihre Kommunikation, Organisation und Kreativit\u00e4t waren durchweg exzellent.<\/div>\n\t\t\t\n\t\t\t\t\t\t<div class=\"elementor-testimonial-meta elementor-has-image elementor-testimonial-image-position-aside\">\n\t\t\t\t<div class=\"elementor-testimonial-meta-inner\">\n\t\t\t\t\t\t\t\t\t\t\t<div class=\"elementor-testimonial-image\">\n\t\t\t\t\t\t\t<img loading=\"lazy\" decoding=\"async\" width=\"2084\" height=\"2084\" src=\"https:\/\/369-int.com\/wp-content\/uploads\/2026\/04\/apliman_logo.png\" class=\"attachment-full size-full wp-image-7038\" alt=\"\" srcset=\"https:\/\/369-int.com\/wp-content\/uploads\/2026\/04\/apliman_logo.png 2084w, https:\/\/369-int.com\/wp-content\/uploads\/2026\/04\/apliman_logo-300x300.png 300w, https:\/\/369-int.com\/wp-content\/uploads\/2026\/04\/apliman_logo-1024x1024.png 1024w, https:\/\/369-int.com\/wp-content\/uploads\/2026\/04\/apliman_logo-150x150.png 150w, https:\/\/369-int.com\/wp-content\/uploads\/2026\/04\/apliman_logo-768x768.png 768w, https:\/\/369-int.com\/wp-content\/uploads\/2026\/04\/apliman_logo-1536x1536.png 1536w, https:\/\/369-int.com\/wp-content\/uploads\/2026\/04\/apliman_logo-2048x2048.png 2048w, https:\/\/369-int.com\/wp-content\/uploads\/2026\/04\/apliman_logo-12x12.png 12w\" sizes=\"(max-width: 2084px) 100vw, 2084px\" \/>\t\t\t\t\t\t<\/div>\n\t\t\t\t\t\n\t\t\t\t\t\t\t\t\t\t<div class=\"elementor-testimonial-details\">\n\t\t\t\t\t\t\t\t\t\t\t\t\t\t<div class=\"elementor-testimonial-name\">Farah Rajeh<\/div>\n\t\t\t\t\t\t\t\t\t\t\t\t\t\t\t\t\t\t\t\t\t\t<div class=\"elementor-testimonial-job\">Marketing Manager, Apliman Technologies, Libanon<\/div>\n\t\t\t\t\t\t\t\t\t\t\t\t\t<\/div>\n\t\t\t\t\t\t\t\t\t<\/div>\n\t\t\t<\/div>\n\t\t\t\t\t<\/div>\n\t\t\t\t\t\t<\/div>\n\t\t\t\t<\/div>\n\t\t\t\t\t<\/div>\n\t\t\t\t<\/div>\n\t\t<div class=\"elementor-element elementor-element-1195e92 e-flex e-con-boxed e-con e-parent\" data-id=\"1195e92\" data-element_type=\"container\" data-e-type=\"container\">\n\t\t\t\t\t<div class=\"e-con-inner\">\n\t\t\t\t<div class=\"elementor-element elementor-element-c751a88 elementor-invisible elementor-widget elementor-widget-testimonial\" data-id=\"c751a88\" data-element_type=\"widget\" data-e-type=\"widget\" data-settings=\"{&quot;_animation&quot;:&quot;fadeInUp&quot;}\" data-widget_type=\"testimonial.default\">\n\t\t\t\t<div class=\"elementor-widget-container\">\n\t\t\t\t\t\t\t<div class=\"elementor-testimonial-wrapper\">\n\t\t\t\t\t\t\t<div class=\"elementor-testimonial-content\">Die Reaktionsf\u00e4higkeit, die Liebe zum Detail und das Engagement von 369 f\u00fcr das Projekt waren erstklassig, selbst w\u00e4hrend eines herausfordernden Aufbauprozesses. 369 w\u00e4re ein bevorzugter Partner f\u00fcr zuk\u00fcnftige s\u00fcdafrikanische Projekte.<\/div>\n\t\t\t\n\t\t\t\t\t\t<div class=\"elementor-testimonial-meta elementor-has-image elementor-testimonial-image-position-aside\">\n\t\t\t\t<div class=\"elementor-testimonial-meta-inner\">\n\t\t\t\t\t\t\t\t\t\t\t<div class=\"elementor-testimonial-image\">\n\t\t\t\t\t\t\t<img loading=\"lazy\" decoding=\"async\" width=\"205\" height=\"148\" src=\"https:\/\/369-int.com\/wp-content\/uploads\/2026\/04\/cityneon-logo.png\" class=\"attachment-full size-full wp-image-7039\" alt=\"\" srcset=\"https:\/\/369-int.com\/wp-content\/uploads\/2026\/04\/cityneon-logo.png 205w, https:\/\/369-int.com\/wp-content\/uploads\/2026\/04\/cityneon-logo-18x12.png 18w\" sizes=\"(max-width: 205px) 100vw, 205px\" \/>\t\t\t\t\t\t<\/div>\n\t\t\t\t\t\n\t\t\t\t\t\t\t\t\t\t<div class=\"elementor-testimonial-details\">\n\t\t\t\t\t\t\t\t\t\t\t\t\t\t<div class=\"elementor-testimonial-name\">Lionel Lim<\/div>\n\t\t\t\t\t\t\t\t\t\t\t\t\t\t\t\t\t\t\t\t\t\t<div class=\"elementor-testimonial-job\">Operationsleiter, Cityneon Events<\/div>\n\t\t\t\t\t\t\t\t\t\t\t\t\t<\/div>\n\t\t\t\t\t\t\t\t\t<\/div>\n\t\t\t<\/div>\n\t\t\t\t\t<\/div>\n\t\t\t\t\t\t<\/div>\n\t\t\t\t<\/div>\n\t\t\t\t<div class=\"elementor-element elementor-element-2429751 elementor-invisible elementor-widget elementor-widget-testimonial\" data-id=\"2429751\" data-element_type=\"widget\" data-e-type=\"widget\" data-settings=\"{&quot;_animation&quot;:&quot;fadeInUp&quot;}\" data-widget_type=\"testimonial.default\">\n\t\t\t\t<div class=\"elementor-widget-container\">\n\t\t\t\t\t\t\t<div class=\"elementor-testimonial-wrapper\">\n\t\t\t\t\t\t\t<div class=\"elementor-testimonial-content\">369 lieferte unseren Messestand p\u00fcnktlich, in sehr hoher Qualit\u00e4t, mit ausgezeichneter Liebe zum Detail und professioneller Ausf\u00fchrung. Wir w\u00fcrden sie f\u00fcr zuk\u00fcnftige Messebauten wieder bedenkenlos beauftragen.<\/div>\n\t\t\t\n\t\t\t\t\t\t<div class=\"elementor-testimonial-meta elementor-has-image elementor-testimonial-image-position-aside\">\n\t\t\t\t<div class=\"elementor-testimonial-meta-inner\">\n\t\t\t\t\t\t\t\t\t\t\t<div class=\"elementor-testimonial-image\">\n\t\t\t\t\t\t\t<img loading=\"lazy\" decoding=\"async\" width=\"300\" height=\"300\" src=\"https:\/\/369-int.com\/wp-content\/uploads\/2026\/04\/logo_excellent_expo_300.png\" class=\"attachment-full size-full wp-image-7160\" alt=\"\" srcset=\"https:\/\/369-int.com\/wp-content\/uploads\/2026\/04\/logo_excellent_expo_300.png 300w, https:\/\/369-int.com\/wp-content\/uploads\/2026\/04\/logo_excellent_expo_300-150x150.png 150w, https:\/\/369-int.com\/wp-content\/uploads\/2026\/04\/logo_excellent_expo_300-12x12.png 12w\" sizes=\"(max-width: 300px) 100vw, 300px\" \/>\t\t\t\t\t\t<\/div>\n\t\t\t\t\t\n\t\t\t\t\t\t\t\t\t\t<div class=\"elementor-testimonial-details\">\n\t\t\t\t\t\t\t\t\t\t\t\t\t\t<div class=\"elementor-testimonial-name\">Jakub D<\/div>\n\t\t\t\t\t\t\t\t\t\t\t\t\t\t\t\t\t\t\t\t\t\t<div class=\"elementor-testimonial-job\">Excellent-Expo Sp. z o.o.<\/div>\n\t\t\t\t\t\t\t\t\t\t\t\t\t<\/div>\n\t\t\t\t\t\t\t\t\t<\/div>\n\t\t\t<\/div>\n\t\t\t\t\t<\/div>\n\t\t\t\t\t\t<\/div>\n\t\t\t\t<\/div>\n\t\t\t\t<div class=\"elementor-element elementor-element-8464823 elementor-invisible elementor-widget elementor-widget-testimonial\" data-id=\"8464823\" data-element_type=\"widget\" data-e-type=\"widget\" data-settings=\"{&quot;_animation&quot;:&quot;fadeInUp&quot;}\" data-widget_type=\"testimonial.default\">\n\t\t\t\t<div class=\"elementor-widget-container\">\n\t\t\t\t\t\t\t<div class=\"elementor-testimonial-wrapper\">\n\t\t\t\t\t\t\t<div class=\"elementor-testimonial-content\">369 hat durchg\u00e4ngig mit Professionalit\u00e4t, Kreativit\u00e4t und Liebe zum Detail geliefert und dabei enge Fristen eingehalten, ohne die Qualit\u00e4t zu beeintr\u00e4chtigen. Ihre Messest\u00e4nde spiegeln unsere Marke gut wider und wir k\u00f6nnen sie w\u00e4rmstens empfehlen.<\/div>\n\t\t\t\n\t\t\t\t\t\t<div class=\"elementor-testimonial-meta elementor-has-image elementor-testimonial-image-position-aside\">\n\t\t\t\t<div class=\"elementor-testimonial-meta-inner\">\n\t\t\t\t\t\t\t\t\t\t\t<div class=\"elementor-testimonial-image\">\n\t\t\t\t\t\t\t<img loading=\"lazy\" decoding=\"async\" width=\"900\" height=\"900\" src=\"https:\/\/369-int.com\/wp-content\/uploads\/2026\/04\/heat-and-control.jpg\" class=\"attachment-full size-full wp-image-7166\" alt=\"\" srcset=\"https:\/\/369-int.com\/wp-content\/uploads\/2026\/04\/heat-and-control.jpg 900w, https:\/\/369-int.com\/wp-content\/uploads\/2026\/04\/heat-and-control-300x300.jpg 300w, https:\/\/369-int.com\/wp-content\/uploads\/2026\/04\/heat-and-control-150x150.jpg 150w, https:\/\/369-int.com\/wp-content\/uploads\/2026\/04\/heat-and-control-768x768.jpg 768w, https:\/\/369-int.com\/wp-content\/uploads\/2026\/04\/heat-and-control-12x12.jpg 12w\" sizes=\"(max-width: 900px) 100vw, 900px\" \/>\t\t\t\t\t\t<\/div>\n\t\t\t\t\t\n\t\t\t\t\t\t\t\t\t\t<div class=\"elementor-testimonial-details\">\n\t\t\t\t\t\t\t\t\t\t\t\t\t\t<div class=\"elementor-testimonial-name\">Heat and Control SA (Pty) Ltd<\/div>\n\t\t\t\t\t\t\t\t\t\t\t\t\t\t\t\t\t\t\t\t\t\t<div class=\"elementor-testimonial-job\">Heat and Control SA (Pty) Ltd<\/div>\n\t\t\t\t\t\t\t\t\t\t\t\t\t<\/div>\n\t\t\t\t\t\t\t\t\t<\/div>\n\t\t\t<\/div>\n\t\t\t\t\t<\/div>\n\t\t\t\t\t\t<\/div>\n\t\t\t\t<\/div>\n\t\t\t\t\t<\/div>\n\t\t\t\t<\/div>\n\t\t\t\t<\/div>","protected":false},"excerpt":{"rendered":"<p>What our clients have to say Testimonials Both projects were completed on time, costs quoted were honoured, and the quality of craftmanship was fantastic. I am impressed with the way [&hellip;]<\/p>\n","protected":false},"author":6,"featured_media":0,"parent":0,"menu_order":0,"comment_status":"closed","ping_status":"closed","template":"","meta":{"_acf_changed":false,"site-sidebar-layout":"no-sidebar","site-content-layout":"page-builder","ast-site-content-layout":"full-width-container","site-content-style":"default","site-sidebar-style":"default","ast-global-header-display":"","ast-banner-title-visibility":"","ast-main-header-display":"","ast-hfb-above-header-display":"","ast-hfb-below-header-display":"","ast-hfb-mobile-header-display":"","site-post-title":"disabled","ast-breadcrumbs-content":"","ast-featured-img":"disabled","footer-sml-layout":"","ast-disable-related-posts":"","theme-transparent-header-meta":"","adv-header-id-meta":"","stick-header-meta":"","header-above-stick-meta":"","header-main-stick-meta":"","header-below-stick-meta":"","astra-migrate-meta-layouts":"set","ast-page-background-enabled":"default","ast-page-background-meta":{"desktop":{"background-color":"var(--ast-global-color-4)","background-image":"","background-repeat":"repeat","background-position":"center center","background-size":"auto","background-attachment":"scroll","background-type":"","background-media":"","overlay-type":"","overlay-color":"","overlay-opacity":"","overlay-gradient":""},"tablet":{"background-color":"","background-image":"","background-repeat":"repeat","background-position":"center center","background-size":"auto","background-attachment":"scroll","background-type":"","background-media":"","overlay-type":"","overlay-color":"","overlay-opacity":"","overlay-gradient":""},"mobile":{"background-color":"","background-image":"","background-repeat":"repeat","background-position":"center center","background-size":"auto","background-attachment":"scroll","background-type":"","background-media":"","overlay-type":"","overlay-color":"","overlay-opacity":"","overlay-gradient":""}},"ast-content-background-meta":{"desktop":{"background-color":"var(--ast-global-color-5)","background-image":"","background-repeat":"repeat","background-position":"center center","background-size":"auto","background-attachment":"scroll","background-type":"","background-media":"","overlay-type":"","overlay-color":"","overlay-opacity":"","overlay-gradient":""},"tablet":{"background-color":"var(--ast-global-color-5)","background-image":"","background-repeat":"repeat","background-position":"center center","background-size":"auto","background-attachment":"scroll","background-type":"","background-media":"","overlay-type":"","overlay-color":"","overlay-opacity":"","overlay-gradient":""},"mobile":{"background-color":"var(--ast-global-color-5)","background-image":"","background-repeat":"repeat","background-position":"center center","background-size":"auto","background-attachment":"scroll","background-type":"","background-media":"","overlay-type":"","overlay-color":"","overlay-opacity":"","overlay-gradient":""}},"footnotes":""},"class_list":["post-7025","page","type-page","status-publish","hentry"],"acf":[],"_links":{"self":[{"href":"https:\/\/369-int.com\/de\/wp-json\/wp\/v2\/pages\/7025","targetHints":{"allow":["GET"]}}],"collection":[{"href":"https:\/\/369-int.com\/de\/wp-json\/wp\/v2\/pages"}],"about":[{"href":"https:\/\/369-int.com\/de\/wp-json\/wp\/v2\/types\/page"}],"author":[{"embeddable":true,"href":"https:\/\/369-int.com\/de\/wp-json\/wp\/v2\/users\/6"}],"replies":[{"embeddable":true,"href":"https:\/\/369-int.com\/de\/wp-json\/wp\/v2\/comments?post=7025"}],"version-history":[{"count":28,"href":"https:\/\/369-int.com\/de\/wp-json\/wp\/v2\/pages\/7025\/revisions"}],"predecessor-version":[{"id":7175,"href":"https:\/\/369-int.com\/de\/wp-json\/wp\/v2\/pages\/7025\/revisions\/7175"}],"wp:attachment":[{"href":"https:\/\/369-int.com\/de\/wp-json\/wp\/v2\/media?parent=7025"}],"curies":[{"name":"wp","href":"https:\/\/api.w.org\/{rel}","templated":true}]}}